{"id":987,"date":"2023-11-13T10:25:05","date_gmt":"2023-11-13T08:25:05","guid":{"rendered":"https:\/\/circulo.vdisain.dev\/news\/"},"modified":"2023-11-22T16:52:13","modified_gmt":"2023-11-22T14:52:13","slug":"news","status":"publish","type":"page","link":"https:\/\/circulo.ee\/en\/news\/","title":{"rendered":"News"},"content":{"rendered":"\t\t<div data-elementor-type=\"wp-page\" data-elementor-id=\"987\" class=\"elementor elementor-987 elementor-495\" data-elementor-post-type=\"page\">\n\t\t\t\t\t\t<section class=\"elementor-section elementor-top-section elementor-element elementor-element-442261c1 elementor-section-boxed elementor-section-height-default elementor-section-height-default\" data-id=\"442261c1\" data-element_type=\"section\" data-settings=\"{&quot;background_background&quot;:&quot;classic&quot;}\">\n\t\t\t\t\t\t\t<div class=\"elementor-background-overlay\"><\/div>\n\t\t\t\t\t\t\t<div class=\"elementor-container elementor-column-gap-default\">\n\t\t\t\t\t<div class=\"elementor-column elementor-col-100 elementor-top-column elementor-element elementor-element-6728e63f\" data-id=\"6728e63f\" data-element_type=\"column\">\n\t\t\t<div class=\"elementor-widget-wrap elementor-element-populated\">\n\t\t\t\t\t\t<div class=\"elementor-element elementor-element-5e63e11d elementor-invisible elementor-widget elementor-widget-heading\" data-id=\"5e63e11d\" data-element_type=\"widget\" data-settings=\"{&quot;_animation&quot;:&quot;fadeInUp&quot;}\" data-widget_type=\"heading.default\">\n\t\t\t\t<div class=\"elementor-widget-container\">\n\t\t\t<style>\/*! elementor - v3.20.0 - 20-03-2024 *\/\n.elementor-heading-title{padding:0;margin:0;line-height:1}.elementor-widget-heading .elementor-heading-title[class*=elementor-size-]>a{color:inherit;font-size:inherit;line-height:inherit}.elementor-widget-heading .elementor-heading-title.elementor-size-small{font-size:15px}.elementor-widget-heading .elementor-heading-title.elementor-size-medium{font-size:19px}.elementor-widget-heading .elementor-heading-title.elementor-size-large{font-size:29px}.elementor-widget-heading .elementor-heading-title.elementor-size-xl{font-size:39px}.elementor-widget-heading .elementor-heading-title.elementor-size-xxl{font-size:59px}<\/style><h2 class=\"elementor-heading-title elementor-size-default\">News<\/h2>\t\t<\/div>\n\t\t\t\t<\/div>\n\t\t\t\t\t<\/div>\n\t\t<\/div>\n\t\t\t\t\t<\/div>\n\t\t<\/section>\n\t\t\t\t<section class=\"elementor-section elementor-top-section elementor-element elementor-element-2498b462 elementor-section-boxed elementor-section-height-default elementor-section-height-default\" data-id=\"2498b462\" data-element_type=\"section\">\n\t\t\t\t\t\t<div class=\"elementor-container elementor-column-gap-default\">\n\t\t\t\t\t<div class=\"elementor-column elementor-col-100 elementor-top-column elementor-element elementor-element-5a6a6d69\" data-id=\"5a6a6d69\" data-element_type=\"column\">\n\t\t\t<div class=\"elementor-widget-wrap elementor-element-populated\">\n\t\t\t\t\t\t<div class=\"elementor-element elementor-element-de394d6 elementor-grid-4 elementor-grid-tablet-2 elementor-grid-mobile-1 elementor-widget elementor-widget-loop-grid\" data-id=\"de394d6\" data-element_type=\"widget\" data-settings=\"{&quot;template_id&quot;:1055,&quot;columns&quot;:4,&quot;pagination_type&quot;:&quot;load_more_infinite_scroll&quot;,&quot;_skin&quot;:&quot;post&quot;,&quot;columns_tablet&quot;:&quot;2&quot;,&quot;columns_mobile&quot;:&quot;1&quot;,&quot;edit_handle_selector&quot;:&quot;[data-elementor-type=\\&quot;loop-item\\&quot;]&quot;,&quot;load_more_spinner&quot;:{&quot;value&quot;:&quot;fas fa-spinner&quot;,&quot;library&quot;:&quot;fa-solid&quot;},&quot;row_gap&quot;:{&quot;unit&quot;:&quot;px&quot;,&quot;size&quot;:&quot;&quot;,&quot;sizes&quot;:[]},&quot;row_gap_tablet&quot;:{&quot;unit&quot;:&quot;px&quot;,&quot;size&quot;:&quot;&quot;,&quot;sizes&quot;:[]},&quot;row_gap_mobile&quot;:{&quot;unit&quot;:&quot;px&quot;,&quot;size&quot;:&quot;&quot;,&quot;sizes&quot;:[]}}\" data-widget_type=\"loop-grid.post\">\n\t\t\t\t<div class=\"elementor-widget-container\">\n\t\t\t<link rel=\"stylesheet\" href=\"https:\/\/circulo.ee\/wp-content\/plugins\/elementor-pro\/assets\/css\/widget-loop-builder.min.css\">\t\t<div class=\"elementor-loop-container elementor-grid\">\n\t\t<style id=\"loop-1055\">.elementor-1055 .elementor-element.elementor-element-ca647d7{--display:flex;--background-transition:0.3s;}.elementor-1055 .elementor-element.elementor-element-e0ac9df img{width:100%;border-radius:8px 8px 8px 8px;}.elementor-1055 .elementor-element.elementor-element-73442eb .elementor-heading-title{font-size:24px;}.elementor-1055 .elementor-element.elementor-element-bd38881 .elementor-icon-list-icon{width:14px;}.elementor-1055 .elementor-element.elementor-element-bd38881 .elementor-icon-list-icon i{font-size:14px;}.elementor-1055 .elementor-element.elementor-element-bd38881 .elementor-icon-list-icon svg{--e-icon-list-icon-size:14px;}.elementor-1055 .elementor-element.elementor-element-2162c45 .elementor-button{fill:var( --e-global-color-b221d38 );color:var( --e-global-color-b221d38 );}.elementor-1055 .elementor-element.elementor-element-2162c45 .elementor-button:hover, .elementor-1055 .elementor-element.elementor-element-2162c45 .elementor-button:focus{background-color:var( --e-global-color-text );}<\/style>\t\t<div data-elementor-type=\"loop-item\" data-elementor-id=\"1055\" class=\"elementor elementor-1055 elementor-542 e-loop-item e-loop-item-989 post-989 post type-post status-publish format-standard has-post-thumbnail hentry category-uncategorized\" data-elementor-post-type=\"elementor_library\" data-custom-edit-handle=\"1\">\n\t\t\t<div class=\"elementor-element elementor-element-ca647d7 e-flex e-con-boxed e-con e-parent\" data-id=\"ca647d7\" data-element_type=\"container\" data-core-v316-plus=\"true\">\n\t\t\t\t\t<div class=\"e-con-inner\">\n\t\t\t\t<div class=\"elementor-element elementor-element-e0ac9df elementor-widget elementor-widget-theme-post-featured-image elementor-widget-image\" data-id=\"e0ac9df\" data-element_type=\"widget\" data-widget_type=\"theme-post-featured-image.default\">\n\t\t\t\t<div class=\"elementor-widget-container\">\n\t\t\t<style>\/*! elementor - v3.20.0 - 20-03-2024 *\/\n.elementor-widget-image{text-align:center}.elementor-widget-image a{display:inline-block}.elementor-widget-image a img[src$=\".svg\"]{width:48px}.elementor-widget-image img{vertical-align:middle;display:inline-block}<\/style>\t\t\t\t\t\t\t\t\t\t\t<a href=\"https:\/\/circulo.ee\/en\/new-products-for-february\/\">\n\t\t\t\t\t\t\t<img fetchpriority=\"high\" decoding=\"async\" width=\"722\" height=\"842\" src=\"https:\/\/circulo.ee\/wp-content\/uploads\/2023\/11\/Zyad-the-bunny.png\" class=\"attachment-large size-large wp-image-938\" alt=\"\" srcset=\"https:\/\/circulo.ee\/wp-content\/uploads\/2023\/11\/Zyad-the-bunny.png 722w, https:\/\/circulo.ee\/wp-content\/uploads\/2023\/11\/Zyad-the-bunny-257x300.png 257w\" sizes=\"(max-width: 722px) 100vw, 722px\" \/>\t\t\t\t\t\t\t\t<\/a>\n\t\t\t\t\t\t\t\t\t\t\t\t\t<\/div>\n\t\t\t\t<\/div>\n\t\t\t\t<div class=\"elementor-element elementor-element-73442eb elementor-widget elementor-widget-theme-post-title elementor-page-title elementor-widget-heading\" data-id=\"73442eb\" data-element_type=\"widget\" data-widget_type=\"theme-post-title.default\">\n\t\t\t\t<div class=\"elementor-widget-container\">\n\t\t\t<h3 class=\"elementor-heading-title elementor-size-default\"><a href=\"https:\/\/circulo.ee\/en\/new-products-for-february\/\">New products for February!<\/a><\/h3>\t\t<\/div>\n\t\t\t\t<\/div>\n\t\t\t\t<div class=\"elementor-element elementor-element-bd38881 elementor-widget elementor-widget-post-info\" data-id=\"bd38881\" data-element_type=\"widget\" data-widget_type=\"post-info.default\">\n\t\t\t\t<div class=\"elementor-widget-container\">\n\t\t\t<link rel=\"stylesheet\" href=\"https:\/\/circulo.ee\/wp-content\/plugins\/elementor\/assets\/css\/widget-icon-list.min.css\"><link rel=\"stylesheet\" href=\"https:\/\/circulo.ee\/wp-content\/plugins\/elementor-pro\/assets\/css\/widget-theme-elements.min.css\">\t\t<ul class=\"elementor-inline-items elementor-icon-list-items elementor-post-info\">\n\t\t\t\t\t\t\t\t<li class=\"elementor-icon-list-item elementor-repeater-item-955cb7a elementor-inline-item\" itemprop=\"datePublished\">\n\t\t\t\t\t\t\t\t\t\t<span class=\"elementor-icon-list-icon\">\n\t\t\t\t\t\t\t\t<i aria-hidden=\"true\" class=\"fas fa-calendar\"><\/i>\t\t\t\t\t\t\t<\/span>\n\t\t\t\t\t\t\t\t\t<span class=\"elementor-icon-list-text elementor-post-info__item elementor-post-info__item--type-date\">\n\t\t\t\t\t\t\t\t\t\tNovember 13, 2023\t\t\t\t\t<\/span>\n\t\t\t\t\t\t\t\t<\/li>\n\t\t\t\t<\/ul>\n\t\t\t\t<\/div>\n\t\t\t\t<\/div>\n\t\t\t\t<div class=\"elementor-element elementor-element-2162c45 elementor-widget elementor-widget-button\" data-id=\"2162c45\" data-element_type=\"widget\" data-widget_type=\"button.default\">\n\t\t\t\t<div class=\"elementor-widget-container\">\n\t\t\t\t\t<div class=\"elementor-button-wrapper\">\n\t\t\t<a class=\"elementor-button elementor-button-link elementor-size-sm\" href=\"https:\/\/circulo.ee\/en\/new-products-for-february\/\">\n\t\t\t\t\t\t<span class=\"elementor-button-content-wrapper\">\n\t\t\t\t\t\t<span class=\"elementor-button-text\">Read more<\/span>\n\t\t<\/span>\n\t\t\t\t\t<\/a>\n\t\t<\/div>\n\t\t\t\t<\/div>\n\t\t\t\t<\/div>\n\t\t\t\t\t<\/div>\n\t\t\t\t<\/div>\n\t\t\t\t<\/div>\n\t\t\t\t<\/div>\n\t\t\t\t\t<span class=\"e-load-more-spinner\">\n\t\t\t\t<i aria-hidden=\"true\" class=\"fas fa-spinner\"><\/i>\t\t\t<\/span>\n\t\t\n\t\t\t\t<\/div>\n\t\t\t\t<\/div>\n\t\t\t\t\t<\/div>\n\t\t<\/div>\n\t\t\t\t\t<\/div>\n\t\t<\/section>\n\t\t\t\t<\/div>\n\t\t","protected":false},"excerpt":{"rendered":"","protected":false},"author":1,"featured_media":0,"parent":0,"menu_order":0,"comment_status":"closed","ping_status":"closed","template":"elementor_header_footer","meta":{"inline_featured_image":false,"footnotes":""},"yoast_head":"<!-- This site is optimized with the Yoast SEO plugin v22.3 - https:\/\/yoast.com\/wordpress\/plugins\/seo\/ -->\n<title>News - Circulo<\/title>\n<meta name=\"robots\" content=\"index, follow, max-snippet:-1, max-image-preview:large, max-video-preview:-1\" \/>\n<link rel=\"canonical\" href=\"https:\/\/circulo.ee\/en\/news\/\" \/>\n<meta property=\"og:locale\" content=\"en_US\" \/>\n<meta property=\"og:type\" content=\"article\" \/>\n<meta property=\"og:title\" content=\"News - Circulo\" \/>\n<meta property=\"og:url\" content=\"https:\/\/circulo.ee\/en\/news\/\" \/>\n<meta property=\"og:site_name\" content=\"Circulo\" \/>\n<meta property=\"article:modified_time\" content=\"2023-11-22T14:52:13+00:00\" \/>\n<meta name=\"twitter:card\" content=\"summary_large_image\" \/>\n<script type=\"application\/ld+json\" class=\"yoast-schema-graph\">{\"@context\":\"https:\/\/schema.org\",\"@graph\":[{\"@type\":\"WebPage\",\"@id\":\"https:\/\/circulo.ee\/en\/news\/\",\"url\":\"https:\/\/circulo.ee\/en\/news\/\",\"name\":\"News - Circulo\",\"isPartOf\":{\"@id\":\"https:\/\/circulo.ee\/en\/#website\"},\"datePublished\":\"2023-11-13T08:25:05+00:00\",\"dateModified\":\"2023-11-22T14:52:13+00:00\",\"breadcrumb\":{\"@id\":\"https:\/\/circulo.ee\/en\/news\/#breadcrumb\"},\"inLanguage\":\"en-US\",\"potentialAction\":[{\"@type\":\"ReadAction\",\"target\":[\"https:\/\/circulo.ee\/en\/news\/\"]}]},{\"@type\":\"BreadcrumbList\",\"@id\":\"https:\/\/circulo.ee\/en\/news\/#breadcrumb\",\"itemListElement\":[{\"@type\":\"ListItem\",\"position\":1,\"name\":\"Home\",\"item\":\"https:\/\/circulo.ee\/en\/\"},{\"@type\":\"ListItem\",\"position\":2,\"name\":\"News\"}]},{\"@type\":\"WebSite\",\"@id\":\"https:\/\/circulo.ee\/en\/#website\",\"url\":\"https:\/\/circulo.ee\/en\/\",\"name\":\"Circulo\",\"description\":\"K\u00e4sit\u00f6\u00f6 kuningas\",\"publisher\":{\"@id\":\"https:\/\/circulo.ee\/en\/#organization\"},\"potentialAction\":[{\"@type\":\"SearchAction\",\"target\":{\"@type\":\"EntryPoint\",\"urlTemplate\":\"https:\/\/circulo.ee\/en\/?s={search_term_string}\"},\"query-input\":\"required name=search_term_string\"}],\"inLanguage\":\"en-US\"},{\"@type\":\"Organization\",\"@id\":\"https:\/\/circulo.ee\/en\/#organization\",\"name\":\"Circulo\",\"url\":\"https:\/\/circulo.ee\/en\/\",\"logo\":{\"@type\":\"ImageObject\",\"inLanguage\":\"en-US\",\"@id\":\"https:\/\/circulo.ee\/en\/#\/schema\/logo\/image\/\",\"url\":\"https:\/\/circulo.ee\/wp-content\/uploads\/2023\/10\/logo.svg\",\"contentUrl\":\"https:\/\/circulo.ee\/wp-content\/uploads\/2023\/10\/logo.svg\",\"width\":277,\"height\":53,\"caption\":\"Circulo\"},\"image\":{\"@id\":\"https:\/\/circulo.ee\/en\/#\/schema\/logo\/image\/\"}}]}<\/script>\n<!-- \/ Yoast SEO plugin. -->","yoast_head_json":{"title":"News - Circulo","robots":{"index":"index","follow":"follow","max-snippet":"max-snippet:-1","max-image-preview":"max-image-preview:large","max-video-preview":"max-video-preview:-1"},"canonical":"https:\/\/circulo.ee\/en\/news\/","og_locale":"en_US","og_type":"article","og_title":"News - Circulo","og_url":"https:\/\/circulo.ee\/en\/news\/","og_site_name":"Circulo","article_modified_time":"2023-11-22T14:52:13+00:00","twitter_card":"summary_large_image","schema":{"@context":"https:\/\/schema.org","@graph":[{"@type":"WebPage","@id":"https:\/\/circulo.ee\/en\/news\/","url":"https:\/\/circulo.ee\/en\/news\/","name":"News - Circulo","isPartOf":{"@id":"https:\/\/circulo.ee\/en\/#website"},"datePublished":"2023-11-13T08:25:05+00:00","dateModified":"2023-11-22T14:52:13+00:00","breadcrumb":{"@id":"https:\/\/circulo.ee\/en\/news\/#breadcrumb"},"inLanguage":"en-US","potentialAction":[{"@type":"ReadAction","target":["https:\/\/circulo.ee\/en\/news\/"]}]},{"@type":"BreadcrumbList","@id":"https:\/\/circulo.ee\/en\/news\/#breadcrumb","itemListElement":[{"@type":"ListItem","position":1,"name":"Home","item":"https:\/\/circulo.ee\/en\/"},{"@type":"ListItem","position":2,"name":"News"}]},{"@type":"WebSite","@id":"https:\/\/circulo.ee\/en\/#website","url":"https:\/\/circulo.ee\/en\/","name":"Circulo","description":"K\u00e4sit\u00f6\u00f6 kuningas","publisher":{"@id":"https:\/\/circulo.ee\/en\/#organization"},"potentialAction":[{"@type":"SearchAction","target":{"@type":"EntryPoint","urlTemplate":"https:\/\/circulo.ee\/en\/?s={search_term_string}"},"query-input":"required name=search_term_string"}],"inLanguage":"en-US"},{"@type":"Organization","@id":"https:\/\/circulo.ee\/en\/#organization","name":"Circulo","url":"https:\/\/circulo.ee\/en\/","logo":{"@type":"ImageObject","inLanguage":"en-US","@id":"https:\/\/circulo.ee\/en\/#\/schema\/logo\/image\/","url":"https:\/\/circulo.ee\/wp-content\/uploads\/2023\/10\/logo.svg","contentUrl":"https:\/\/circulo.ee\/wp-content\/uploads\/2023\/10\/logo.svg","width":277,"height":53,"caption":"Circulo"},"image":{"@id":"https:\/\/circulo.ee\/en\/#\/schema\/logo\/image\/"}}]}},"_links":{"self":[{"href":"https:\/\/circulo.ee\/en\/wp-json\/wp\/v2\/pages\/987"}],"collection":[{"href":"https:\/\/circulo.ee\/en\/wp-json\/wp\/v2\/pages"}],"about":[{"href":"https:\/\/circulo.ee\/en\/wp-json\/wp\/v2\/types\/page"}],"author":[{"embeddable":true,"href":"https:\/\/circulo.ee\/en\/wp-json\/wp\/v2\/users\/1"}],"replies":[{"embeddable":true,"href":"https:\/\/circulo.ee\/en\/wp-json\/wp\/v2\/comments?post=987"}],"version-history":[{"count":4,"href":"https:\/\/circulo.ee\/en\/wp-json\/wp\/v2\/pages\/987\/revisions"}],"predecessor-version":[{"id":1199,"href":"https:\/\/circulo.ee\/en\/wp-json\/wp\/v2\/pages\/987\/revisions\/1199"}],"wp:attachment":[{"href":"https:\/\/circulo.ee\/en\/wp-json\/wp\/v2\/media?parent=987"}],"curies":[{"name":"wp","href":"https:\/\/api.w.org\/{rel}","templated":true}]}}